{"id":640,"date":"2022-04-11T20:30:13","date_gmt":"2022-04-12T01:30:13","guid":{"rendered":"https:\/\/diremp.laasot.org\/?page_id=640"},"modified":"2022-04-12T16:53:59","modified_gmt":"2022-04-12T21:53:59","slug":"politica-de-tratamiento-de-datos-personales","status":"publish","type":"page","link":"https:\/\/diremp.laasot.org\/index.php\/politica-de-tratamiento-de-datos-personales\/","title":{"rendered":"Pol\u00edtica de Tratamiento de Datos Personales"},"content":{"rendered":"<h2 style=\"text-align: center;\"><strong>POL\u00cdTICA DE TRATAMIENTO DE DATOS PERSONALES<\/strong><\/h2>\n<p><strong>\u00a0<\/strong><\/p>\n<p><strong>\u00a0<\/strong>La organizaci\u00f3n LA&#8217;ASOT en cumplimiento de las leyes generales de Protecci\u00f3n de Datos, as\u00ed como de las mejores pr\u00e1cticas a nivel internacional en esta materia, es responsable del tratamiento de sus datos personales.<\/p>\n<p>&nbsp;<\/p>\n<p>1) Derechos como titular de la Informaci\u00f3n: A) Conocer, actualizar, rectificar, suprimir y revocar los datos personales. Este derecho se podr\u00e1 ejercer, entre otros, frente a datos parciales, inexactos, incompletos, fraccionados, que induzcan a error, o aquellos cuyo Tratamiento est\u00e9 expresamente prohibido o no haya sido autorizado. B) Solicitar prueba de la autorizaci\u00f3n de Tratamiento otorgada. C) Ser informado respecto del uso que LA&#8217;ASOT ha dado a los datos personales. D) Presentar ante los organismos de control correspondientes, quejas por infracciones a lo dispuesto en la normativa vigente y las dem\u00e1s normas que la modifiquen, adicionen o complementen. E) Acceder en forma gratuita a los datos personales que hayan sido objeto de Tratamiento.<\/p>\n<p>&nbsp;<\/p>\n<p>2) Datos LA&#8217;ASOT: a) Direcci\u00f3n: Calle 71\u00a0 # 27 C -22 Bogot\u00e1, Colombia, b) Correo electr\u00f3nico: info@laasot.org, c) Tel\u00e9fono: USA: +1 505-5LA-ASOT (505-552-2768) &#8211; COL: +57 3132521670, d) sitio web: <a href=\"http:\/\/www.laasot.org\">www.laasot.org<\/a> (y sitios web relacionados)<\/p>\n<p>&nbsp;<\/p>\n<p>3) Canales a trav\u00e9s de los cuales puede ejercer derechos: El Titular podr\u00e1 utilizar el sistema de correspondencia de LA&#8217;ASOT, mediante correo electr\u00f3nico a la direcci\u00f3n info@laasot.org o a trav\u00e9s de atenci\u00f3n personalizada en la direcci\u00f3n Calle 71 # 27 C &#8211; 22 Bogot\u00e1, Colombia, de lunes a viernes en horario de 8:30 a.m. a 4:00 p.m.<\/p>\n<p>&nbsp;<\/p>\n<p>4) \u00c1rea Responsable de atenci\u00f3n de quejas, reclamos, felicitaciones y sugerencias: El seguimiento y control de la atenci\u00f3n de estos casos, es responsabilidad de la Gerencia de Relaciones, Medios y Comunicaciones de la organizaci\u00f3n LA&#8217;ASOT mediante los canales indicados en el numeral 3) de este comunicado.<\/p>\n<p>&nbsp;<\/p>\n<p>5) Procedimientos para conocimiento, actualizaci\u00f3n, supresi\u00f3n, revocaci\u00f3n y rectificaci\u00f3n: el titular podr\u00e1 solicitar a trav\u00e9s de los canales de contacto nombrados anteriormente, la actualizaci\u00f3n, supresi\u00f3n, revocaci\u00f3n y rectificaci\u00f3n de la informaci\u00f3n y\/o efectuar consultas o reclamos relacionados con su informaci\u00f3n. LA&#8217;ASOT validar\u00e1 la identificaci\u00f3n, analizar\u00e1, clasificar\u00e1 y emitir\u00e1 la respuesta a la solicitud en los tiempos establecidos en la ley, y ser\u00e1 enviada a trav\u00e9s del medio por el cual se recibe la solicitud o por el medio que el titular especifique en su comunicaci\u00f3n. La supresi\u00f3n de datos personales y\/o revocaci\u00f3n de autorizaci\u00f3n para tratamiento de la informaci\u00f3n no proceder\u00e1 cuando el titular tenga un deber legal o contractual de permanecer en las bases de datos de LA&#8217;ASOT.<\/p>\n<p>&nbsp;<\/p>\n<p style=\"text-align: center;\"><strong>Dichos requerimientos ser\u00e1n tramitados siempre y cuando cumplan con los siguientes requisitos:<\/strong><\/p>\n<ol>\n<li>La solicitud deber\u00e1 ser dirigida a LA&#8217;ASOT<\/li>\n<li>Deber\u00e1 contar con la identificaci\u00f3n del titular, su causahabiente, representante o mandatario<\/li>\n<li>Habr\u00e1 de contener la descripci\u00f3n de los hechos que dan lugar a su petici\u00f3n<\/li>\n<li>Datos de contacto para notificaci\u00f3n de la respuesta<\/li>\n<li>Documentos y hechos soporte de su petici\u00f3n<\/li>\n<\/ol>\n<p>&nbsp;<\/p>\n<p>En caso de que el requerimiento resulte incompleto en cuanto a sus requisitos, el solicitante ser\u00e1 requerido para que dentro de los cinco (5) d\u00edas siguientes a la recepci\u00f3n del requerimiento subsane sus omisiones. Transcurridos dos (2) meses desde la fecha en que el solicitante fue requerido para subsanar su petici\u00f3n sin obtener la informaci\u00f3n requerida, se entender\u00e1 que ha desistido del reclamo. El t\u00e9rmino m\u00e1ximo para atender la solicitud ser\u00e1 de quince (15) d\u00edas h\u00e1biles contados a partir del d\u00eda siguiente a la fecha de su recibo. Si no fuere posible responder alg\u00fan requerimiento en raz\u00f3n de su complejidad, se informar\u00e1 al solicitante el motivo por el cual no es posible responder dentro del t\u00e9rmino fijado por la normativa vigente. Cuando se notifique sobre la imposibilidad de responder en el t\u00e9rmino inicialmente se\u00f1alado, deber\u00e1 inform\u00e1rsele al solicitante la fecha en la que se responder\u00e1 el requerimiento, la cual en ning\u00fan caso podr\u00e1 superar los ocho (8) d\u00edas h\u00e1biles siguientes al vencimiento del primer t\u00e9rmino.<\/p>\n<p>&nbsp;<\/p>\n<p>6) Pol\u00edticas de LA&#8217;ASOT frente al Tratamiento de datos personales:<\/p>\n<ol>\n<li>Cumplir con el tratamiento de los datos personales de los titulares dentro de los par\u00e1metros establecidos por la normativa vigente.<\/li>\n<li>Obtener de acuerdo con lo estipulado en la normativa vigente la autorizaci\u00f3n expresa de los titulares en medios f\u00edsicos, electr\u00f3nicos y\/o telef\u00f3nicos que permita su posterior consulta a fin de constatar de forma inequ\u00edvoca que sin el consentimiento del titular los datos nunca hubieran sido capturados y almacenados en medios electr\u00f3nicos o f\u00edsicos. As\u00ed mismo se podr\u00e1 obtener por medio de conductas claras e inequ\u00edvocas del Titular que permitan concluir de una manera razonable que este otorg\u00f3 su consentimiento para el manejo de sus datos personales.<\/li>\n<li>Propender por la confidencialidad, integridad y disponibilidad de los datos personales por parte del responsable y los encargados.<\/li>\n<li>Los datos personales solo ser\u00e1n tratados por aquellos colaboradores que lo requieran en funci\u00f3n de las actividades propias de su cargo o por los Responsables o Encargados; a estos \u00faltimos se les suministrar\u00e1 la informaci\u00f3n requerida para el cumplimiento de las obligaciones contractuales.<\/li>\n<li>Los colaboradores deber\u00e1n garantizar la reserva de la informaci\u00f3n durante el periodo de vinculaci\u00f3n con LA&#8217;ASOT o la vigencia del contrato, cuando aplique, y con posterioridad a la terminaci\u00f3n del mismo o desvinculaci\u00f3n.<\/li>\n<li>Realizar el tratamiento de los datos personales acorde con los fines autorizados por los titulares.<\/li>\n<li>No divulgar datos personales en Internet u otro medio masivo de comunicaci\u00f3n, a menos que se trate de informaci\u00f3n p\u00fablica o informaci\u00f3n requerida por la normativa vigente.<\/li>\n<li>La informaci\u00f3n de datos personales de los titulares ser\u00e1 custodiada de acuerdo con las pol\u00edticas de seguridad de la informaci\u00f3n y de retenci\u00f3n de la organizaci\u00f3n.<\/li>\n<li>Adoptar las dem\u00e1s medidas necesarias para que la informaci\u00f3n se mantenga actualizada.<\/li>\n<li>Corregir la informaci\u00f3n cuando sea incorrecta y comunicar lo pertinente a cualquier tercero autorizado.<\/li>\n<li>Tramitar las consultas y reclamos formulados por los Titulares en los t\u00e9rminos se\u00f1alados en la normativa vigente.<\/li>\n<li>A solicitud del titular y cuando no tenga ning\u00fan deber legal o contractual de permanecer en las bases de datos, la informaci\u00f3n del titular deber\u00e1 ser eliminada.<\/li>\n<li>Conservar la informaci\u00f3n bajo las condiciones de seguridad necesarias para impedir su adulteraci\u00f3n, p\u00e9rdida, consulta, uso o acceso no autorizado o fraudulento.<\/li>\n<li>LA&#8217;ASOT aplicar\u00e1 las medidas de seguridad id\u00f3neas para el tratamiento de informaci\u00f3n clasificada como sensible en la cual se contempla entre otras, los datos personales de los hijos (ni\u00f1os, ni\u00f1as y adolescentes) de los colaboradores.<\/li>\n<li>Propender por el fortalecimiento de una cultura corporativa que abogue y salvaguarde los derechos de los titulares mediante jornadas de capacitaci\u00f3n.<\/li>\n<li>Garantizar al Titular, en todo tiempo, el pleno y efectivo ejercicio del derecho de h\u00e1beas data.<\/li>\n<li>Informar debidamente al Titular sobre la finalidad de la recolecci\u00f3n y los derechos que le asisten por virtud de la autorizaci\u00f3n otorgada.<\/li>\n<li>Garantizar que la informaci\u00f3n que se suministre a cualquier tercero autorizado, dentro de los par\u00e1metros establecidos en la normativa vigente, sea veraz, completa, exacta, actualizada, comprobable y comprensible.<\/li>\n<li>LA&#8217;ASOT podr\u00e1 intercambiar informaci\u00f3n de datos personales con entidades p\u00fablicas cuando la soliciten en ejercicio de sus funciones, para temas relacionados con planes, programas y proyectos en desarrollo de la pol\u00edtica p\u00fablica.<\/li>\n<li>Las pol\u00edticas establecidas podr\u00e1n ser modificadas en cualquier momento. Las modificaciones dar\u00e1n cumplimiento a la normatividad legal vigente, as\u00ed como de las mejores pr\u00e1cticas a nivel internacional en esta materia, y entrar\u00e1n en vigencia a partir de su publicaci\u00f3n en los medios dispuestos para que sean de conocimiento de los titulares.<\/li>\n<li>La transferencia de informaci\u00f3n de datos personales a pa\u00edses que no proporcionen niveles adecuados de protecci\u00f3n de datos se realizar\u00e1 bajo las condiciones establecidas en la normativa vigente.<\/li>\n<li>Desarrollar las actividades requeridas para dar cumplimiento a las obligaciones relacionadas con el Registro de las Base de Datos, cuando aplique.<\/li>\n<\/ol>\n","protected":false},"excerpt":{"rendered":"<p>POL\u00cdTICA DE TRATAMIENTO DE DATOS PERSONALES \u00a0 \u00a0La organizaci\u00f3n LA&#8217;ASOT en cumplimiento de las leyes generales de Protecci\u00f3n de Datos, as\u00ed como de las mejores pr\u00e1cticas a nivel internacional en esta materia, es responsable del tratamiento de sus datos personales. &nbsp; 1) Derechos como titular de la Informaci\u00f3n: A) Conocer, actualizar, rectificar, suprimir y revocar &hellip;<\/p>\n","protected":false},"author":1,"featured_media":0,"parent":0,"menu_order":0,"comment_status":"closed","ping_status":"closed","template":"","meta":{"_mi_skip_tracking":false,"_monsterinsights_sitenote_active":false,"_monsterinsights_sitenote_note":"","_monsterinsights_sitenote_category":0,"footnotes":""},"yoast_head":"<!-- This site is optimized with the Yoast SEO plugin v21.5 - https:\/\/yoast.com\/wordpress\/plugins\/seo\/ -->\n<title>Pol\u00edtica de Tratamiento de Datos Personales - Directorio Empresarial Internacional HEY<\/title>\n<meta name=\"robots\" content=\"index, follow, max-snippet:-1, max-image-preview:large, max-video-preview:-1\" \/>\n<link rel=\"canonical\" href=\"https:\/\/diremp.laasot.org\/index.php\/politica-de-tratamiento-de-datos-personales\/\" \/>\n<meta property=\"og:locale\" content=\"es_MX\" \/>\n<meta property=\"og:type\" content=\"article\" \/>\n<meta property=\"og:title\" content=\"Pol\u00edtica de Tratamiento de Datos Personales - Directorio Empresarial Internacional HEY\" \/>\n<meta property=\"og:description\" content=\"POL\u00cdTICA DE TRATAMIENTO DE DATOS PERSONALES \u00a0 \u00a0La organizaci\u00f3n LA&#8217;ASOT en cumplimiento de las leyes generales de Protecci\u00f3n de Datos, as\u00ed como de las mejores pr\u00e1cticas a nivel internacional en esta materia, es responsable del tratamiento de sus datos personales. &nbsp; 1) Derechos como titular de la Informaci\u00f3n: A) Conocer, actualizar, rectificar, suprimir y revocar &hellip;\" \/>\n<meta property=\"og:url\" content=\"https:\/\/diremp.laasot.org\/index.php\/politica-de-tratamiento-de-datos-personales\/\" \/>\n<meta property=\"og:site_name\" content=\"Directorio Empresarial Internacional HEY\" \/>\n<meta property=\"article:modified_time\" content=\"2022-04-12T21:53:59+00:00\" \/>\n<meta name=\"twitter:card\" content=\"summary_large_image\" \/>\n<meta name=\"twitter:label1\" content=\"Tiempo de lectura\" \/>\n\t<meta name=\"twitter:data1\" content=\"6 minutos\" \/>\n<script type=\"application\/ld+json\" class=\"yoast-schema-graph\">{\"@context\":\"https:\/\/schema.org\",\"@graph\":[{\"@type\":\"WebPage\",\"@id\":\"https:\/\/diremp.laasot.org\/index.php\/politica-de-tratamiento-de-datos-personales\/\",\"url\":\"https:\/\/diremp.laasot.org\/index.php\/politica-de-tratamiento-de-datos-personales\/\",\"name\":\"Pol\u00edtica de Tratamiento de Datos Personales - Directorio Empresarial Internacional HEY\",\"isPartOf\":{\"@id\":\"https:\/\/diremp.laasot.org\/#website\"},\"datePublished\":\"2022-04-12T01:30:13+00:00\",\"dateModified\":\"2022-04-12T21:53:59+00:00\",\"breadcrumb\":{\"@id\":\"https:\/\/diremp.laasot.org\/index.php\/politica-de-tratamiento-de-datos-personales\/#breadcrumb\"},\"inLanguage\":\"es-MX\",\"potentialAction\":[{\"@type\":\"ReadAction\",\"target\":[\"https:\/\/diremp.laasot.org\/index.php\/politica-de-tratamiento-de-datos-personales\/\"]}]},{\"@type\":\"BreadcrumbList\",\"@id\":\"https:\/\/diremp.laasot.org\/index.php\/politica-de-tratamiento-de-datos-personales\/#breadcrumb\",\"itemListElement\":[{\"@type\":\"ListItem\",\"position\":1,\"name\":\"Home\",\"item\":\"https:\/\/diremp.laasot.org\/\"},{\"@type\":\"ListItem\",\"position\":2,\"name\":\"Pol\u00edtica de Tratamiento de Datos Personales\"}]},{\"@type\":\"WebSite\",\"@id\":\"https:\/\/diremp.laasot.org\/#website\",\"url\":\"https:\/\/diremp.laasot.org\/\",\"name\":\"Directorio Empresarial Internacional HEY\",\"description\":\"Generando v\u00ednculos fiables basados en la Tor\u00e1h\",\"publisher\":{\"@id\":\"https:\/\/diremp.laasot.org\/#organization\"},\"potentialAction\":[{\"@type\":\"SearchAction\",\"target\":{\"@type\":\"EntryPoint\",\"urlTemplate\":\"https:\/\/diremp.laasot.org\/?s={search_term_string}\"},\"query-input\":\"required name=search_term_string\"}],\"inLanguage\":\"es-MX\"},{\"@type\":\"Organization\",\"@id\":\"https:\/\/diremp.laasot.org\/#organization\",\"name\":\"Directorio Empresarial Internacional HEY\",\"url\":\"https:\/\/diremp.laasot.org\/\",\"logo\":{\"@type\":\"ImageObject\",\"inLanguage\":\"es-MX\",\"@id\":\"https:\/\/diremp.laasot.org\/#\/schema\/logo\/image\/\",\"url\":\"https:\/\/diremp.laasot.org\/wp-content\/uploads\/2022\/01\/Logo-con-fondo-blanco.png\",\"contentUrl\":\"https:\/\/diremp.laasot.org\/wp-content\/uploads\/2022\/01\/Logo-con-fondo-blanco.png\",\"width\":1878,\"height\":1845,\"caption\":\"Directorio Empresarial Internacional HEY\"},\"image\":{\"@id\":\"https:\/\/diremp.laasot.org\/#\/schema\/logo\/image\/\"}}]}<\/script>\n<!-- \/ Yoast SEO plugin. -->","yoast_head_json":{"title":"Pol\u00edtica de Tratamiento de Datos Personales - Directorio Empresarial Internacional HEY","robots":{"index":"index","follow":"follow","max-snippet":"max-snippet:-1","max-image-preview":"max-image-preview:large","max-video-preview":"max-video-preview:-1"},"canonical":"https:\/\/diremp.laasot.org\/index.php\/politica-de-tratamiento-de-datos-personales\/","og_locale":"es_MX","og_type":"article","og_title":"Pol\u00edtica de Tratamiento de Datos Personales - Directorio Empresarial Internacional HEY","og_description":"POL\u00cdTICA DE TRATAMIENTO DE DATOS PERSONALES \u00a0 \u00a0La organizaci\u00f3n LA&#8217;ASOT en cumplimiento de las leyes generales de Protecci\u00f3n de Datos, as\u00ed como de las mejores pr\u00e1cticas a nivel internacional en esta materia, es responsable del tratamiento de sus datos personales. &nbsp; 1) Derechos como titular de la Informaci\u00f3n: A) Conocer, actualizar, rectificar, suprimir y revocar &hellip;","og_url":"https:\/\/diremp.laasot.org\/index.php\/politica-de-tratamiento-de-datos-personales\/","og_site_name":"Directorio Empresarial Internacional HEY","article_modified_time":"2022-04-12T21:53:59+00:00","twitter_card":"summary_large_image","twitter_misc":{"Tiempo de lectura":"6 minutos"},"schema":{"@context":"https:\/\/schema.org","@graph":[{"@type":"WebPage","@id":"https:\/\/diremp.laasot.org\/index.php\/politica-de-tratamiento-de-datos-personales\/","url":"https:\/\/diremp.laasot.org\/index.php\/politica-de-tratamiento-de-datos-personales\/","name":"Pol\u00edtica de Tratamiento de Datos Personales - Directorio Empresarial Internacional HEY","isPartOf":{"@id":"https:\/\/diremp.laasot.org\/#website"},"datePublished":"2022-04-12T01:30:13+00:00","dateModified":"2022-04-12T21:53:59+00:00","breadcrumb":{"@id":"https:\/\/diremp.laasot.org\/index.php\/politica-de-tratamiento-de-datos-personales\/#breadcrumb"},"inLanguage":"es-MX","potentialAction":[{"@type":"ReadAction","target":["https:\/\/diremp.laasot.org\/index.php\/politica-de-tratamiento-de-datos-personales\/"]}]},{"@type":"BreadcrumbList","@id":"https:\/\/diremp.laasot.org\/index.php\/politica-de-tratamiento-de-datos-personales\/#breadcrumb","itemListElement":[{"@type":"ListItem","position":1,"name":"Home","item":"https:\/\/diremp.laasot.org\/"},{"@type":"ListItem","position":2,"name":"Pol\u00edtica de Tratamiento de Datos Personales"}]},{"@type":"WebSite","@id":"https:\/\/diremp.laasot.org\/#website","url":"https:\/\/diremp.laasot.org\/","name":"Directorio Empresarial Internacional HEY","description":"Generando v\u00ednculos fiables basados en la Tor\u00e1h","publisher":{"@id":"https:\/\/diremp.laasot.org\/#organization"},"potentialAction":[{"@type":"SearchAction","target":{"@type":"EntryPoint","urlTemplate":"https:\/\/diremp.laasot.org\/?s={search_term_string}"},"query-input":"required name=search_term_string"}],"inLanguage":"es-MX"},{"@type":"Organization","@id":"https:\/\/diremp.laasot.org\/#organization","name":"Directorio Empresarial Internacional HEY","url":"https:\/\/diremp.laasot.org\/","logo":{"@type":"ImageObject","inLanguage":"es-MX","@id":"https:\/\/diremp.laasot.org\/#\/schema\/logo\/image\/","url":"https:\/\/diremp.laasot.org\/wp-content\/uploads\/2022\/01\/Logo-con-fondo-blanco.png","contentUrl":"https:\/\/diremp.laasot.org\/wp-content\/uploads\/2022\/01\/Logo-con-fondo-blanco.png","width":1878,"height":1845,"caption":"Directorio Empresarial Internacional HEY"},"image":{"@id":"https:\/\/diremp.laasot.org\/#\/schema\/logo\/image\/"}}]}},"_links":{"self":[{"href":"https:\/\/diremp.laasot.org\/index.php\/wp-json\/wp\/v2\/pages\/640"}],"collection":[{"href":"https:\/\/diremp.laasot.org\/index.php\/wp-json\/wp\/v2\/pages"}],"about":[{"href":"https:\/\/diremp.laasot.org\/index.php\/wp-json\/wp\/v2\/types\/page"}],"author":[{"embeddable":true,"href":"https:\/\/diremp.laasot.org\/index.php\/wp-json\/wp\/v2\/users\/1"}],"replies":[{"embeddable":true,"href":"https:\/\/diremp.laasot.org\/index.php\/wp-json\/wp\/v2\/comments?post=640"}],"version-history":[{"count":8,"href":"https:\/\/diremp.laasot.org\/index.php\/wp-json\/wp\/v2\/pages\/640\/revisions"}],"predecessor-version":[{"id":653,"href":"https:\/\/diremp.laasot.org\/index.php\/wp-json\/wp\/v2\/pages\/640\/revisions\/653"}],"wp:attachment":[{"href":"https:\/\/diremp.laasot.org\/index.php\/wp-json\/wp\/v2\/media?parent=640"}],"curies":[{"name":"wp","href":"https:\/\/api.w.org\/{rel}","templated":true}]}}